{"id":12,"date":"2017-06-26T20:42:22","date_gmt":"2017-06-26T18:42:22","guid":{"rendered":"https:\/\/fotogruppe-bredenbeck.de\/?page_id=12"},"modified":"2022-09-20T20:01:41","modified_gmt":"2022-09-20T18:01:41","slug":"kontakt","status":"publish","type":"page","link":"https:\/\/fotogruppe-bredenbeck.de\/?page_id=12","title":{"rendered":"Kontakt"},"content":{"rendered":"<p><!-- Sie k\u00f6nnen mit Hilfe des Kontaktformulars eine Nachricht versenden. Technisch wird mit den von Ihnen eingegebenen Daten eine E-Mail erzeugt und versandt. Eine Speicherung auf diesem Server oder Weitergabe Ihrer Daten an Dritte findet nicht statt. Nach erfolgreichem Versand erhalten Sie automatisch eine E-Mail an die von Ihnen angegebene E-Mail-Adresse.\n\n[contact-form-7 id=\"718\" title=\"Kontaktformular 1\"] --><\/p>\n<p>Wegen des Missbrauchs des Kontaktformulars f\u00fcr SPAM-Aktivit\u00e4ten steht das Formular zur Zeit nicht zur Verf\u00fcgung.<\/p>\n","protected":false},"excerpt":{"rendered":"<p>Wegen des Missbrauchs des Kontaktformulars f\u00fcr SPAM-Aktivit\u00e4ten steht das Formular zur Zeit nicht zur Verf\u00fcgung.<\/p>\n","protected":false},"author":3,"featured_media":0,"parent":0,"menu_order":0,"comment_status":"closed","ping_status":"closed","template":"","meta":{"advanced_seo_description":"","jetpack_seo_html_title":"","jetpack_seo_noindex":false,"jetpack_post_was_ever_published":false,"footnotes":""},"class_list":["post-12","page","type-page","status-publish","h-entry","hentry","h-as-page"],"jetpack-related-posts":[{"id":768,"url":"https:\/\/fotogruppe-bredenbeck.de\/?page_id=768","url_meta":{"origin":12,"position":0},"title":"Datenschutzerkl\u00e4rung","author":"Stefan Eggers","date":"26. Mai 2018","format":false,"excerpt":"Wer wir sind Die Adresse unserer Website ist: http:\/\/fotogruppe-bredenbeck.de. Welche personenbezogenen Daten wir sammeln und warum wir sie sammeln Kommentare Wenn Besucher Kommentare auf der Website schreiben, sammeln wir die Daten, die im Kommentar-Formular angezeigt werden, au\u00dferdem die IP-Adresse des Besuchers und den User-Agent-String (damit wird der Browser identifiziert), um\u2026","rel":"","context":"\u00c4hnlicher Beitrag","block_context":{"text":"\u00c4hnlicher Beitrag","link":""},"img":{"alt_text":"","src":"","width":0,"height":0},"classes":[]},{"id":4,"url":"https:\/\/fotogruppe-bredenbeck.de\/?page_id=4","url_meta":{"origin":12,"position":1},"title":"Disclaimer","author":"Webmaster","date":"26. Juni 2017","format":false,"excerpt":"Haftungsbeschr\u00e4nkung Die Inhalte dieser Website werden mit gr\u00f6\u00dftm\u00f6glicher Sorgfalt erstellt. Der Anbieter \u00fcbernimmt jedoch keine Gew\u00e4hr f\u00fcr die Richtigkeit, Vollst\u00e4ndigkeit und Aktualit\u00e4t der bereitgestellten Inhalte. Die Nutzung der Inhalte der Website erfolgt auf eigene Gefahr des Nutzers. Namentlich gekennzeichnete Beitr\u00e4ge geben die Meinung des jeweiligen Autors und nicht immer die\u2026","rel":"","context":"\u00c4hnlicher Beitrag","block_context":{"text":"\u00c4hnlicher Beitrag","link":""},"img":{"alt_text":"","src":"","width":0,"height":0},"classes":[]},{"id":51,"url":"https:\/\/fotogruppe-bredenbeck.de\/?page_id=51","url_meta":{"origin":12,"position":2},"title":"Suche","author":"Webmaster","date":"24. Juli 2017","format":false,"excerpt":"Eltern-Seite f\u00fcr die verschiendenen Suchaktionen (Sitemap)","rel":"","context":"\u00c4hnlicher Beitrag","block_context":{"text":"\u00c4hnlicher Beitrag","link":""},"img":{"alt_text":"","src":"","width":0,"height":0},"classes":[]},{"id":1443,"url":"https:\/\/fotogruppe-bredenbeck.de\/?page_id=1443","url_meta":{"origin":12,"position":3},"title":"Anmelden f\u00fcr Mitglieder","author":"Stefan Eggers","date":"24. Juli 2022","format":false,"excerpt":"Hier k\u00f6nnt ihr erfahren, wie die Anmeldung auf der Webseite der Fotogruppe Bredenbeck funktioniert. Die Beispielanmeldung ist mit dem Webrowswer Firefox 102.0.1 64 Bit (Windows) erstellt worden. Die einzelnen Schritte k\u00f6nnen bei anderen Browsern etwas anders aussehen, sollten aber genau so oder zumindest \u00e4hnlich funktionieren. Anmelden [10 Folien] Fotos auf\u2026","rel":"","context":"\u00c4hnlicher Beitrag","block_context":{"text":"\u00c4hnlicher Beitrag","link":""},"img":{"alt_text":"","src":"","width":0,"height":0},"classes":[]},{"id":1448,"url":"https:\/\/fotogruppe-bredenbeck.de\/?page_id=1448","url_meta":{"origin":12,"position":4},"title":"Fotos auf der Webseite verwalten","author":"Stefan Eggers","date":"24. Juli 2022","format":false,"excerpt":"Schnell und einfach funktioniert das Verwalten der Fotos direkt auf der Webseite, im sogenannten Frontend. Zwar k\u00f6nnen hier keine Einstellungen ver\u00e4ndert werden, aber um mal eben ein Foto hinzuzuf\u00fcgen oder zu l\u00f6schen, einen Titel zu ver\u00e4ndern oder sogar eine neue Galerie (ein neues Album) anzulegen, ist diese Methode sehr gut\u2026","rel":"","context":"\u00c4hnlicher Beitrag","block_context":{"text":"\u00c4hnlicher Beitrag","link":""},"img":{"alt_text":"","src":"","width":0,"height":0},"classes":[]}],"jetpack_sharing_enabled":true,"_links":{"self":[{"href":"https:\/\/fotogruppe-bredenbeck.de\/index.php?rest_route=\/wp\/v2\/pages\/12","targetHints":{"allow":["GET"]}}],"collection":[{"href":"https:\/\/fotogruppe-bredenbeck.de\/index.php?rest_route=\/wp\/v2\/pages"}],"about":[{"href":"https:\/\/fotogruppe-bredenbeck.de\/index.php?rest_route=\/wp\/v2\/types\/page"}],"author":[{"embeddable":true,"href":"https:\/\/fotogruppe-bredenbeck.de\/index.php?rest_route=\/wp\/v2\/users\/3"}],"replies":[{"embeddable":true,"href":"https:\/\/fotogruppe-bredenbeck.de\/index.php?rest_route=%2Fwp%2Fv2%2Fcomments&post=12"}],"version-history":[{"count":0,"href":"https:\/\/fotogruppe-bredenbeck.de\/index.php?rest_route=\/wp\/v2\/pages\/12\/revisions"}],"wp:attachment":[{"href":"https:\/\/fotogruppe-bredenbeck.de\/index.php?rest_route=%2Fwp%2Fv2%2Fmedia&parent=12"}],"curies":[{"name":"wp","href":"https:\/\/api.w.org\/{rel}","templated":true}]}}